{"id":19,"date":"2022-01-02T20:16:04","date_gmt":"2022-01-02T19:16:04","guid":{"rendered":"https:\/\/maria-magdalena-gemeinde.de\/lukas-test-020122\/?page_id=19"},"modified":"2025-06-02T21:45:54","modified_gmt":"2025-06-02T19:45:54","slug":"kontakt-und-adressen","status":"publish","type":"page","link":"https:\/\/maria-magdalena-gemeinde.de\/KITA-Lukas\/kontakt-und-adressen\/","title":{"rendered":"Kontakt"},"content":{"rendered":"\t\t<div data-elementor-type=\"wp-page\" data-elementor-id=\"19\" class=\"elementor elementor-19\">\n\t\t\t\t\t\t<section class=\"elementor-section elementor-top-section elementor-element elementor-element-62e6997 elementor-section-boxed elementor-section-height-default elementor-section-height-default\" data-id=\"62e6997\" data-element_type=\"section\" data-e-type=\"section\">\n\t\t\t\t\t\t<div class=\"elementor-container elementor-column-gap-default\">\n\t\t\t\t\t<div class=\"elementor-column elementor-col-100 elementor-top-column elementor-element elementor-element-4bad89f\" data-id=\"4bad89f\" data-element_type=\"column\" data-e-type=\"column\">\n\t\t\t<div class=\"elementor-widget-wrap elementor-element-populated\">\n\t\t\t\t\t\t<div class=\"elementor-element elementor-element-918888e elementor-widget elementor-widget-google_maps\" data-id=\"918888e\" data-element_type=\"widget\" data-e-type=\"widget\" data-widget_type=\"google_maps.default\">\n\t\t\t\t<div class=\"elementor-widget-container\">\n\t\t\t\t\t\t\t<div class=\"elementor-custom-embed\">\n\t\t\t<iframe loading=\"lazy\"\n\t\t\t\t\tsrc=\"https:\/\/maps.google.com\/maps?q=Gartenstra%C3%9Fe%2069%2C%2060596%20Frankfurt%20am%20Main&#038;t=m&#038;z=14&#038;output=embed&#038;iwloc=near\"\n\t\t\t\t\ttitle=\"Gartenstra\u00dfe 69, 60596 Frankfurt am Main\"\n\t\t\t\t\taria-label=\"Gartenstra\u00dfe 69, 60596 Frankfurt am Main\"\n\t\t\t><\/iframe>\n\t\t<\/div>\n\t\t\t\t\t\t<\/div>\n\t\t\t\t<\/div>\n\t\t\t\t\t<\/div>\n\t\t<\/div>\n\t\t\t\t\t<\/div>\n\t\t<\/section>\n\t\t\t\t<section class=\"elementor-section elementor-top-section elementor-element elementor-element-e1eef8d elementor-section-boxed elementor-section-height-default elementor-section-height-default\" data-id=\"e1eef8d\" data-element_type=\"section\" data-e-type=\"section\">\n\t\t\t\t\t\t<div class=\"elementor-container elementor-column-gap-default\">\n\t\t\t\t\t<div class=\"elementor-column elementor-col-100 elementor-top-column elementor-element elementor-element-18efcb3\" data-id=\"18efcb3\" data-element_type=\"column\" data-e-type=\"column\">\n\t\t\t<div class=\"elementor-widget-wrap elementor-element-populated\">\n\t\t\t\t\t\t<div class=\"elementor-element elementor-element-2fd57db elementor-widget elementor-widget-image\" data-id=\"2fd57db\" data-element_type=\"widget\" data-e-type=\"widget\" data-widget_type=\"image.default\">\n\t\t\t\t<div class=\"elementor-widget-container\">\n\t\t\t\t\t\t\t\t\t\t\t\t\t\t\t\t<a href=\"https:\/\/maria-magdalena-gemeinde.de\/KITA-Lukas\/wp-content\/uploads\/2024\/05\/DEL_24_0001_Lukas_Kita_Stellenausschreibung_A4_RZ_Ansichts_PDF.pdf\" target=\"_blank\">\n\t\t\t\t\t\t\t<img fetchpriority=\"high\" decoding=\"async\" width=\"1200\" height=\"300\" src=\"https:\/\/maria-magdalena-gemeinde.de\/KITA-Lukas\/wp-content\/uploads\/2024\/05\/DEL_24_0001_Lukas_Kita_Stellenausschreibung_Plane_400x100cm_02.png\" class=\"attachment-full size-full wp-image-1818\" alt=\"\" srcset=\"https:\/\/maria-magdalena-gemeinde.de\/KITA-Lukas\/wp-content\/uploads\/2024\/05\/DEL_24_0001_Lukas_Kita_Stellenausschreibung_Plane_400x100cm_02.png 1200w, https:\/\/maria-magdalena-gemeinde.de\/KITA-Lukas\/wp-content\/uploads\/2024\/05\/DEL_24_0001_Lukas_Kita_Stellenausschreibung_Plane_400x100cm_02-300x75.png 300w, https:\/\/maria-magdalena-gemeinde.de\/KITA-Lukas\/wp-content\/uploads\/2024\/05\/DEL_24_0001_Lukas_Kita_Stellenausschreibung_Plane_400x100cm_02-1024x256.png 1024w, https:\/\/maria-magdalena-gemeinde.de\/KITA-Lukas\/wp-content\/uploads\/2024\/05\/DEL_24_0001_Lukas_Kita_Stellenausschreibung_Plane_400x100cm_02-768x192.png 768w, https:\/\/maria-magdalena-gemeinde.de\/KITA-Lukas\/wp-content\/uploads\/2024\/05\/DEL_24_0001_Lukas_Kita_Stellenausschreibung_Plane_400x100cm_02-240x60.png 240w\" sizes=\"(max-width: 1200px) 100vw, 1200px\" \/>\t\t\t\t\t\t\t\t<\/a>\n\t\t\t\t\t\t\t\t\t\t\t\t\t\t\t<\/div>\n\t\t\t\t<\/div>\n\t\t\t\t\t<\/div>\n\t\t<\/div>\n\t\t\t\t\t<\/div>\n\t\t<\/section>\n\t\t\t\t<section class=\"elementor-section elementor-top-section elementor-element elementor-element-2def86ee elementor-section-boxed elementor-section-height-default elementor-section-height-default\" data-id=\"2def86ee\" data-element_type=\"section\" data-e-type=\"section\">\n\t\t\t\t\t\t<div class=\"elementor-container elementor-column-gap-default\">\n\t\t\t\t\t<div class=\"elementor-column elementor-col-100 elementor-top-column elementor-element elementor-element-304c10d2\" data-id=\"304c10d2\" data-element_type=\"column\" data-e-type=\"column\">\n\t\t\t<div class=\"elementor-widget-wrap elementor-element-populated\">\n\t\t\t\t\t\t<div class=\"elementor-element elementor-element-1270d911 elementor-widget elementor-widget-text-editor\" data-id=\"1270d911\" data-element_type=\"widget\" data-e-type=\"widget\" data-widget_type=\"text-editor.default\">\n\t\t\t\t<div class=\"elementor-widget-container\">\n\t\t\t\t\t\t\t\t\t<p><\/p>\n<p>Die Ev. Lukas-Kindertagesst\u00e4tte<br \/>Gartenstra\u00dfe 69<br \/>60596 Frankfurt am Main<\/p>\n<p><\/p>\n<p><\/p>\n<p><\/p>\n<p>Leitung: Frau G\u00fcltzow<br \/>Stellvertretende Leitung: Frau Kaczmarek<\/p>\n<p><\/p>\n<p><\/p>\n<p>Tel. <a href=\"tel: 069612444\">(069) 612 444<\/a><br \/>Fax. <a href=\"fax: 06961993585\">(069) 619 935 85<\/a><\/p>\n<p><\/p>\n<p><\/p>\n<p><\/p>\n<p>F\u00fcr ein pers\u00f6nliches Gespr\u00e4ch stehen wir gerne zur Verf\u00fcgung.<\/p>\n<p><\/p>\t\t\t\t\t\t\t\t<\/div>\n\t\t\t\t<\/div>\n\t\t\t\t<div class=\"elementor-element elementor-element-3540e71 elementor-icon-list--layout-traditional elementor-list-item-link-full_width elementor-widget elementor-widget-icon-list\" data-id=\"3540e71\" data-element_type=\"widget\" data-e-type=\"widget\" data-widget_type=\"icon-list.default\">\n\t\t\t\t<div class=\"elementor-widget-container\">\n\t\t\t\t\t\t\t<ul class=\"elementor-icon-list-items\">\n\t\t\t\t\t\t\t<li class=\"elementor-icon-list-item\">\n\t\t\t\t\t\t\t\t\t\t\t<a href=\"mailto:maria-magdalena-gemeinde@lukas-kita.de\" target=\"_blank\">\n\n\t\t\t\t\t\t\t\t\t\t\t\t<span class=\"elementor-icon-list-icon\">\n\t\t\t\t\t\t\t<i aria-hidden=\"true\" class=\"far fa-envelope-open\"><\/i>\t\t\t\t\t\t<\/span>\n\t\t\t\t\t\t\t\t\t\t<span class=\"elementor-icon-list-text\">Email an Kindertagesst\u00e4tte senden<\/span>\n\t\t\t\t\t\t\t\t\t\t\t<\/a>\n\t\t\t\t\t\t\t\t\t<\/li>\n\t\t\t\t\t\t<\/ul>\n\t\t\t\t\t\t<\/div>\n\t\t\t\t<\/div>\n\t\t\t\t<div class=\"elementor-element elementor-element-99701f2 elementor-widget elementor-widget-text-editor\" data-id=\"99701f2\" data-element_type=\"widget\" data-e-type=\"widget\" data-widget_type=\"text-editor.default\">\n\t\t\t\t<div class=\"elementor-widget-container\">\n\t\t\t\t\t\t\t\t\t<h4>Links<\/h4>\n<p>Unsere Gemeinde:<br \/><a href=\"https:\/\/maria-magdalena-gemeinde.de\/\" target=\"_blank\" rel=\"noopener\">Maria-Magdalena-Gemeinde<\/a><br \/><a href=\"https:\/\/maria-magdalena-gemeinde.de\/KITA-Oster\/\" target=\"_blank\" rel=\"noopener\">Oster-Kindertagesst\u00e4tte<\/a><\/p>\t\t\t\t\t\t\t\t<\/div>\n\t\t\t\t<\/div>\n\t\t\t\t<div class=\"elementor-element elementor-element-3a8be26 elementor-widget elementor-widget-text-editor\" data-id=\"3a8be26\" data-element_type=\"widget\" data-e-type=\"widget\" data-widget_type=\"text-editor.default\">\n\t\t\t\t<div class=\"elementor-widget-container\">\n\t\t\t\t\t\t\t\t\t<p>F\u00fcr den Inhalt der angegeben Links ist allein der Herausgeber der entsprechenden Seiten verantwortlich.<\/p>\t\t\t\t\t\t\t\t<\/div>\n\t\t\t\t<\/div>\n\t\t\t\t\t<\/div>\n\t\t<\/div>\n\t\t\t\t\t<\/div>\n\t\t<\/section>\n\t\t\t\t<\/div>\n\t\t","protected":false},"excerpt":{"rendered":"<p>Die Ev. Lukas-Kindertagesst\u00e4tteGartenstra\u00dfe 6960596 Frankfurt am Main Leitung: Frau G\u00fcltzowStellvertretende Leitung: Frau Kaczmarek Tel. (069) 612 444Fax. (069) 619 935 85 F\u00fcr ein pers\u00f6nliches Gespr\u00e4ch stehen wir gerne zur Verf\u00fcgung. Email an Kindertagesst\u00e4tte senden Links Unsere Gemeinde:Maria-Magdalena-GemeindeOster-Kindertagesst\u00e4tte F\u00fcr den Inhalt der angegeben Links ist allein der Herausgeber der entsprechenden Seiten verantwortlich.<\/p>\n","protected":false},"author":2,"featured_media":0,"parent":0,"menu_order":0,"comment_status":"closed","ping_status":"closed","template":"","meta":{"footnotes":""},"class_list":["post-19","page","type-page","status-publish","hentry"],"_links":{"self":[{"href":"https:\/\/maria-magdalena-gemeinde.de\/KITA-Lukas\/wp-json\/wp\/v2\/pages\/19","targetHints":{"allow":["GET"]}}],"collection":[{"href":"https:\/\/maria-magdalena-gemeinde.de\/KITA-Lukas\/wp-json\/wp\/v2\/pages"}],"about":[{"href":"https:\/\/maria-magdalena-gemeinde.de\/KITA-Lukas\/wp-json\/wp\/v2\/types\/page"}],"author":[{"embeddable":true,"href":"https:\/\/maria-magdalena-gemeinde.de\/KITA-Lukas\/wp-json\/wp\/v2\/users\/2"}],"replies":[{"embeddable":true,"href":"https:\/\/maria-magdalena-gemeinde.de\/KITA-Lukas\/wp-json\/wp\/v2\/comments?post=19"}],"version-history":[{"count":75,"href":"https:\/\/maria-magdalena-gemeinde.de\/KITA-Lukas\/wp-json\/wp\/v2\/pages\/19\/revisions"}],"predecessor-version":[{"id":1847,"href":"https:\/\/maria-magdalena-gemeinde.de\/KITA-Lukas\/wp-json\/wp\/v2\/pages\/19\/revisions\/1847"}],"wp:attachment":[{"href":"https:\/\/maria-magdalena-gemeinde.de\/KITA-Lukas\/wp-json\/wp\/v2\/media?parent=19"}],"curies":[{"name":"wp","href":"https:\/\/api.w.org\/{rel}","templated":true}]}}