{"id":15,"date":"2022-01-02T19:08:56","date_gmt":"2022-01-02T18:08:56","guid":{"rendered":"https:\/\/maria-magdalena-gemeinde.de\/lukas-test-020122\/?page_id=15"},"modified":"2026-02-15T20:44:57","modified_gmt":"2026-02-15T19:44:57","slug":"ueber-uns","status":"publish","type":"page","link":"https:\/\/maria-magdalena-gemeinde.de\/KITA-Oster\/ueber-uns\/","title":{"rendered":"Team"},"content":{"rendered":"\t\t<div data-elementor-type=\"wp-page\" data-elementor-id=\"15\" class=\"elementor elementor-15\">\n\t\t\t\t\t\t<section class=\"elementor-section elementor-top-section elementor-element elementor-element-f312a4c elementor-section-boxed elementor-section-height-default elementor-section-height-default\" data-id=\"f312a4c\" data-element_type=\"section\" data-e-type=\"section\">\n\t\t\t\t\t\t<div class=\"elementor-container elementor-column-gap-default\">\n\t\t\t\t\t<div class=\"elementor-column elementor-col-100 elementor-top-column elementor-element elementor-element-b85a33d\" data-id=\"b85a33d\" data-element_type=\"column\" data-e-type=\"column\">\n\t\t\t<div class=\"elementor-widget-wrap elementor-element-populated\">\n\t\t\t\t\t\t<div class=\"elementor-element elementor-element-9eda8e8 elementor-widget__width-initial elementor-widget elementor-widget-image\" data-id=\"9eda8e8\" data-element_type=\"widget\" data-e-type=\"widget\" data-widget_type=\"image.default\">\n\t\t\t\t<div class=\"elementor-widget-container\">\n\t\t\t\t\t\t\t\t\t\t\t\t\t\t\t<img fetchpriority=\"high\" decoding=\"async\" width=\"1320\" height=\"540\" src=\"https:\/\/maria-magdalena-gemeinde.de\/KITA-Oster\/wp-content\/uploads\/2026\/02\/IMG_7252-1320x540.jpg\" class=\"attachment-blossom-fashion-fullwidth size-blossom-fashion-fullwidth wp-image-1983\" alt=\"\" \/>\t\t\t\t\t\t\t\t\t\t\t\t\t\t\t<\/div>\n\t\t\t\t<\/div>\n\t\t\t\t<div class=\"elementor-element elementor-element-6e7010a elementor-widget elementor-widget-text-editor\" data-id=\"6e7010a\" data-element_type=\"widget\" data-e-type=\"widget\" data-widget_type=\"text-editor.default\">\n\t\t\t\t<div class=\"elementor-widget-container\">\n\t\t\t\t\t\t\t\t\t<p>\u00a0<\/p><p>Unser Team besteht aus p\u00e4dagogischen Fachkr\u00e4ften, Auszubildenden einem Koch und einer Hauswirtschaftskraft sowie einer Reinigungskraft und einem Hausmeister.<\/p><p>Um unsere gemeinsame p\u00e4dagogische Aufgabe zu bew\u00e4ltigen, treffen wir uns zu einem regelm\u00e4\u00dfigen Austausch in unserer Teamsitzung. Hier besprechen wir die p\u00e4dagogische Planung wie Angebote, Ausfl\u00fcge, Projekte und Feste. Besonders wichtig sind uns: regelm\u00e4\u00dfige Fallbesprechungen, die Reflexion unserer Arbeit und neue Impulse durch regelm\u00e4\u00dfige Teilnahme an Fort- und Weiterbildungen.<\/p>\t\t\t\t\t\t\t\t<\/div>\n\t\t\t\t<\/div>\n\t\t\t\t\t<\/div>\n\t\t<\/div>\n\t\t\t\t\t<\/div>\n\t\t<\/section>\n\t\t\t\t<\/div>\n\t\t","protected":false},"excerpt":{"rendered":"<p>\u00a0 Unser Team besteht aus p\u00e4dagogischen Fachkr\u00e4ften, Auszubildenden einem Koch und einer Hauswirtschaftskraft sowie einer Reinigungskraft und einem Hausmeister. Um unsere gemeinsame p\u00e4dagogische Aufgabe zu bew\u00e4ltigen, treffen wir uns zu einem regelm\u00e4\u00dfigen Austausch in unserer Teamsitzung. Hier besprechen wir die p\u00e4dagogische Planung wie Angebote, Ausfl\u00fcge, Projekte und Feste. Besonders wichtig sind uns: regelm\u00e4\u00dfige Fallbesprechungen, die &hellip; <\/p>\n","protected":false},"author":2,"featured_media":0,"parent":0,"menu_order":0,"comment_status":"closed","ping_status":"closed","template":"","meta":{"footnotes":""},"class_list":["post-15","page","type-page","status-publish","hentry"],"_links":{"self":[{"href":"https:\/\/maria-magdalena-gemeinde.de\/KITA-Oster\/wp-json\/wp\/v2\/pages\/15","targetHints":{"allow":["GET"]}}],"collection":[{"href":"https:\/\/maria-magdalena-gemeinde.de\/KITA-Oster\/wp-json\/wp\/v2\/pages"}],"about":[{"href":"https:\/\/maria-magdalena-gemeinde.de\/KITA-Oster\/wp-json\/wp\/v2\/types\/page"}],"author":[{"embeddable":true,"href":"https:\/\/maria-magdalena-gemeinde.de\/KITA-Oster\/wp-json\/wp\/v2\/users\/2"}],"replies":[{"embeddable":true,"href":"https:\/\/maria-magdalena-gemeinde.de\/KITA-Oster\/wp-json\/wp\/v2\/comments?post=15"}],"version-history":[{"count":81,"href":"https:\/\/maria-magdalena-gemeinde.de\/KITA-Oster\/wp-json\/wp\/v2\/pages\/15\/revisions"}],"predecessor-version":[{"id":2014,"href":"https:\/\/maria-magdalena-gemeinde.de\/KITA-Oster\/wp-json\/wp\/v2\/pages\/15\/revisions\/2014"}],"wp:attachment":[{"href":"https:\/\/maria-magdalena-gemeinde.de\/KITA-Oster\/wp-json\/wp\/v2\/media?parent=15"}],"curies":[{"name":"wp","href":"https:\/\/api.w.org\/{rel}","templated":true}]}}