{"id":1892,"date":"2024-08-17T17:17:10","date_gmt":"2024-08-17T15:17:10","guid":{"rendered":"https:\/\/maria-magdalena-gemeinde.de\/KITA-Oster.neu\/?page_id=1892"},"modified":"2026-02-10T22:30:14","modified_gmt":"2026-02-10T21:30:14","slug":"eltern-kind-cafe","status":"publish","type":"page","link":"https:\/\/maria-magdalena-gemeinde.de\/KITA-Oster\/eltern-kind-cafe\/","title":{"rendered":"Eltern-Kind-Caf\u00e9"},"content":{"rendered":"\t\t<div data-elementor-type=\"wp-page\" data-elementor-id=\"1892\" class=\"elementor elementor-1892\">\n\t\t\t\t\t\t<section class=\"elementor-section elementor-top-section elementor-element elementor-element-bc9121a elementor-section-boxed elementor-section-height-default elementor-section-height-default\" data-id=\"bc9121a\" data-element_type=\"section\" data-e-type=\"section\">\n\t\t\t\t\t\t<div class=\"elementor-container elementor-column-gap-default\">\n\t\t\t\t\t<div class=\"elementor-column elementor-col-100 elementor-top-column elementor-element elementor-element-7107a24\" data-id=\"7107a24\" data-element_type=\"column\" data-e-type=\"column\">\n\t\t\t<div class=\"elementor-widget-wrap elementor-element-populated\">\n\t\t\t\t\t\t<div class=\"elementor-element elementor-element-cf2508b elementor-widget elementor-widget-text-editor\" data-id=\"cf2508b\" data-element_type=\"widget\" data-e-type=\"widget\" data-widget_type=\"text-editor.default\">\n\t\t\t\t<div class=\"elementor-widget-container\">\n\t\t\t\t\t\t\t\t\t<p>In den R\u00e4umen der Oster-Kindertagesst\u00e4tte wird in Kooperation mit der Kinder-, Jugend- und Elternberatung Sachsenhausen regelm\u00e4\u00dfig Mittwochvormittag das Eltern-Kind-Caf\u00e9 angeboten. Eltern und Gro\u00dfeltern mit Kindern bis 3 Jahren sind zu einem gem\u00fctlichen Treffen am Vormittag eingeladen. Neben Kaffee, Tee und einem Imbiss tauschen wir uns \u00fcber das Familienleben aus, basteln und singen zusammen. In einer Spielecke k\u00f6nnen sich Kinder nach Herzenslust austoben.<\/p><p>N\u00e4here Informationen finden Sie auch unter dem folgenden Link der Evangelischen Familienbildung Frankfurt und Offenbach:<strong>\u00a0<a href=\"https:\/\/www.familienbildung-ffm-of.de\/angebote\/offene-angebote\/kurs\/Eltern-Kind-Caf-in-der-Oster-Kita\/F02-282201\" target=\"_blank\" rel=\"noopener\">Eltern-Kind-Caf\u00e9 in der Oster-Kita<\/a><\/strong><\/p>\t\t\t\t\t\t\t\t<\/div>\n\t\t\t\t<\/div>\n\t\t\t\t\t<\/div>\n\t\t<\/div>\n\t\t\t\t\t<\/div>\n\t\t<\/section>\n\t\t\t\t<section class=\"elementor-section elementor-top-section elementor-element elementor-element-8199831 elementor-section-boxed elementor-section-height-default elementor-section-height-default\" data-id=\"8199831\" data-element_type=\"section\" data-e-type=\"section\">\n\t\t\t\t\t\t<div class=\"elementor-container elementor-column-gap-default\">\n\t\t\t\t\t<div class=\"elementor-column elementor-col-100 elementor-top-column elementor-element elementor-element-7fe7cb4\" data-id=\"7fe7cb4\" data-element_type=\"column\" data-e-type=\"column\">\n\t\t\t<div class=\"elementor-widget-wrap elementor-element-populated\">\n\t\t\t\t\t\t<div class=\"elementor-element elementor-element-f92901b elementor-widget elementor-widget-image\" data-id=\"f92901b\" data-element_type=\"widget\" data-e-type=\"widget\" data-widget_type=\"image.default\">\n\t\t\t\t<div class=\"elementor-widget-container\">\n\t\t\t\t\t\t\t\t\t\t\t\t\t\t\t<img fetchpriority=\"high\" decoding=\"async\" width=\"1024\" height=\"588\" src=\"https:\/\/maria-magdalena-gemeinde.de\/KITA-Oster\/wp-content\/uploads\/2026\/02\/Tonies-1024x588.jpg\" class=\"attachment-large size-large wp-image-1961\" alt=\"\" srcset=\"https:\/\/maria-magdalena-gemeinde.de\/KITA-Oster\/wp-content\/uploads\/2026\/02\/Tonies-1024x588.jpg 1024w, https:\/\/maria-magdalena-gemeinde.de\/KITA-Oster\/wp-content\/uploads\/2026\/02\/Tonies-300x172.jpg 300w, https:\/\/maria-magdalena-gemeinde.de\/KITA-Oster\/wp-content\/uploads\/2026\/02\/Tonies-768x441.jpg 768w, https:\/\/maria-magdalena-gemeinde.de\/KITA-Oster\/wp-content\/uploads\/2026\/02\/Tonies-1536x882.jpg 1536w, https:\/\/maria-magdalena-gemeinde.de\/KITA-Oster\/wp-content\/uploads\/2026\/02\/Tonies-2048x1177.jpg 2048w, https:\/\/maria-magdalena-gemeinde.de\/KITA-Oster\/wp-content\/uploads\/2026\/02\/Tonies-400x230.jpg 400w, https:\/\/maria-magdalena-gemeinde.de\/KITA-Oster\/wp-content\/uploads\/2026\/02\/Tonies-104x60.jpg 104w\" sizes=\"(max-width: 1024px) 100vw, 1024px\" \/>\t\t\t\t\t\t\t\t\t\t\t\t\t\t\t<\/div>\n\t\t\t\t<\/div>\n\t\t\t\t\t<\/div>\n\t\t<\/div>\n\t\t\t\t\t<\/div>\n\t\t<\/section>\n\t\t\t\t<\/div>\n\t\t","protected":false},"excerpt":{"rendered":"<p>In den R\u00e4umen der Oster-Kindertagesst\u00e4tte wird in Kooperation mit der Kinder-, Jugend- und Elternberatung Sachsenhausen regelm\u00e4\u00dfig Mittwochvormittag das Eltern-Kind-Caf\u00e9 angeboten. Eltern und Gro\u00dfeltern mit Kindern bis 3 Jahren sind zu einem gem\u00fctlichen Treffen am Vormittag eingeladen. Neben Kaffee, Tee und einem Imbiss tauschen wir uns \u00fcber das Familienleben aus, basteln und singen zusammen. In einer &hellip; <\/p>\n","protected":false},"author":2,"featured_media":0,"parent":0,"menu_order":0,"comment_status":"closed","ping_status":"closed","template":"","meta":{"footnotes":""},"class_list":["post-1892","page","type-page","status-publish","hentry"],"_links":{"self":[{"href":"https:\/\/maria-magdalena-gemeinde.de\/KITA-Oster\/wp-json\/wp\/v2\/pages\/1892","targetHints":{"allow":["GET"]}}],"collection":[{"href":"https:\/\/maria-magdalena-gemeinde.de\/KITA-Oster\/wp-json\/wp\/v2\/pages"}],"about":[{"href":"https:\/\/maria-magdalena-gemeinde.de\/KITA-Oster\/wp-json\/wp\/v2\/types\/page"}],"author":[{"embeddable":true,"href":"https:\/\/maria-magdalena-gemeinde.de\/KITA-Oster\/wp-json\/wp\/v2\/users\/2"}],"replies":[{"embeddable":true,"href":"https:\/\/maria-magdalena-gemeinde.de\/KITA-Oster\/wp-json\/wp\/v2\/comments?post=1892"}],"version-history":[{"count":7,"href":"https:\/\/maria-magdalena-gemeinde.de\/KITA-Oster\/wp-json\/wp\/v2\/pages\/1892\/revisions"}],"predecessor-version":[{"id":1994,"href":"https:\/\/maria-magdalena-gemeinde.de\/KITA-Oster\/wp-json\/wp\/v2\/pages\/1892\/revisions\/1994"}],"wp:attachment":[{"href":"https:\/\/maria-magdalena-gemeinde.de\/KITA-Oster\/wp-json\/wp\/v2\/media?parent=1892"}],"curies":[{"name":"wp","href":"https:\/\/api.w.org\/{rel}","templated":true}]}}