{"id":19,"date":"2022-01-02T20:16:04","date_gmt":"2022-01-02T19:16:04","guid":{"rendered":"https:\/\/maria-magdalena-gemeinde.de\/lukas-test-020122\/?page_id=19"},"modified":"2026-02-10T22:26:02","modified_gmt":"2026-02-10T21:26:02","slug":"kontakt-und-adressen","status":"publish","type":"page","link":"https:\/\/maria-magdalena-gemeinde.de\/KITA-Oster\/kontakt-und-adressen\/","title":{"rendered":"Kontakt"},"content":{"rendered":"\t\t<div data-elementor-type=\"wp-page\" data-elementor-id=\"19\" class=\"elementor elementor-19\">\n\t\t\t\t\t\t<section class=\"elementor-section elementor-top-section elementor-element elementor-element-62e6997 elementor-section-boxed elementor-section-height-default elementor-section-height-default\" data-id=\"62e6997\" data-element_type=\"section\" data-e-type=\"section\">\n\t\t\t\t\t\t<div class=\"elementor-container elementor-column-gap-default\">\n\t\t\t\t\t<div class=\"elementor-column elementor-col-100 elementor-top-column elementor-element elementor-element-4bad89f\" data-id=\"4bad89f\" data-element_type=\"column\" data-e-type=\"column\">\n\t\t\t<div class=\"elementor-widget-wrap elementor-element-populated\">\n\t\t\t\t\t\t<div class=\"elementor-element elementor-element-918888e elementor-widget elementor-widget-google_maps\" data-id=\"918888e\" data-element_type=\"widget\" data-e-type=\"widget\" data-widget_type=\"google_maps.default\">\n\t\t\t\t<div class=\"elementor-widget-container\">\n\t\t\t\t\t\t\t<div class=\"elementor-custom-embed\">\n\t\t\t<iframe loading=\"lazy\"\n\t\t\t\t\tsrc=\"https:\/\/maps.google.com\/maps?q=Stresemannallee%2071-73%2C%2060596%20Frankfurt%20am%20Main&#038;t=m&#038;z=14&#038;output=embed&#038;iwloc=near\"\n\t\t\t\t\ttitle=\"Stresemannallee 71-73, 60596 Frankfurt am Main\"\n\t\t\t\t\taria-label=\"Stresemannallee 71-73, 60596 Frankfurt am Main\"\n\t\t\t><\/iframe>\n\t\t<\/div>\n\t\t\t\t\t\t<\/div>\n\t\t\t\t<\/div>\n\t\t\t\t\t<\/div>\n\t\t<\/div>\n\t\t\t\t\t<\/div>\n\t\t<\/section>\n\t\t\t\t<section class=\"elementor-section elementor-top-section elementor-element elementor-element-2def86ee elementor-section-boxed elementor-section-height-default elementor-section-height-default\" data-id=\"2def86ee\" data-element_type=\"section\" data-e-type=\"section\">\n\t\t\t\t\t\t<div class=\"elementor-container elementor-column-gap-default\">\n\t\t\t\t\t<div class=\"elementor-column elementor-col-100 elementor-top-column elementor-element elementor-element-304c10d2\" data-id=\"304c10d2\" data-element_type=\"column\" data-e-type=\"column\">\n\t\t\t<div class=\"elementor-widget-wrap elementor-element-populated\">\n\t\t\t\t\t\t<div class=\"elementor-element elementor-element-1270d911 elementor-widget elementor-widget-text-editor\" data-id=\"1270d911\" data-element_type=\"widget\" data-e-type=\"widget\" data-widget_type=\"text-editor.default\">\n\t\t\t\t<div class=\"elementor-widget-container\">\n\t\t\t\t\t\t\t\t\t<p>Oster-Kindertagesst\u00e4tte der Ev. Maria-Magdalena-Gemeinde<br \/>Stresemannallee 71-73<br \/>60596 Frankfurt am Main<\/p>\n<p><!-- \/wp:paragraph --><\/p>\n<p><!-- wp:paragraph --><!-- \/wp:paragraph --><\/p>\n<p><!-- wp:paragraph --><\/p>\n<p>Leitung: Frau Martens<br \/>Stellvertretende Leitung: Frau Schwab<\/p>\n<p><!-- \/wp:paragraph --><\/p>\n<p><!-- wp:paragraph --><\/p>\n<p>Tel. <a href=\"tel: 069637274\">(069) 637 274<\/a><br \/>Fax. <a href=\"fax: 06963307663\">(069) 633 076 63<\/a><\/p>\n<p><!-- \/wp:paragraph --><\/p>\n<p><!-- wp:paragraph --><!-- \/wp:paragraph --><\/p>\n<p><!-- wp:paragraph --><\/p>\n<p>F\u00fcr ein pers\u00f6nliches Gespr\u00e4ch stehen wir gerne zur Verf\u00fcgung.<\/p>\n<p><!-- \/wp:paragraph --><\/p>\t\t\t\t\t\t\t\t<\/div>\n\t\t\t\t<\/div>\n\t\t\t\t<div class=\"elementor-element elementor-element-3540e71 elementor-icon-list--layout-traditional elementor-list-item-link-full_width elementor-widget elementor-widget-icon-list\" data-id=\"3540e71\" data-element_type=\"widget\" data-e-type=\"widget\" data-widget_type=\"icon-list.default\">\n\t\t\t\t<div class=\"elementor-widget-container\">\n\t\t\t\t\t\t\t<ul class=\"elementor-icon-list-items\">\n\t\t\t\t\t\t\t<li class=\"elementor-icon-list-item\">\n\t\t\t\t\t\t\t\t\t\t\t<a href=\"mailto:kita-oster@maria-magdalena-gemeinde.de\" target=\"_blank\">\n\n\t\t\t\t\t\t\t\t\t\t\t\t<span class=\"elementor-icon-list-icon\">\n\t\t\t\t\t\t\t<i aria-hidden=\"true\" class=\"far fa-envelope-open\"><\/i>\t\t\t\t\t\t<\/span>\n\t\t\t\t\t\t\t\t\t\t<span class=\"elementor-icon-list-text\">Email an Kindertagesst\u00e4tte senden<\/span>\n\t\t\t\t\t\t\t\t\t\t\t<\/a>\n\t\t\t\t\t\t\t\t\t<\/li>\n\t\t\t\t\t\t<\/ul>\n\t\t\t\t\t\t<\/div>\n\t\t\t\t<\/div>\n\t\t\t\t<div class=\"elementor-element elementor-element-99701f2 elementor-widget elementor-widget-text-editor\" data-id=\"99701f2\" data-element_type=\"widget\" data-e-type=\"widget\" data-widget_type=\"text-editor.default\">\n\t\t\t\t<div class=\"elementor-widget-container\">\n\t\t\t\t\t\t\t\t\t<h4>Links<\/h4>\n<p>Unsere Gemeinde:<br \/><a href=\"https:\/\/maria-magdalena-gemeinde.de\/\" target=\"_blank\" rel=\"noopener\">Maria-Magdalena-Gemeinde<\/a><br \/><a href=\"http:\/\/maria-magdalena-gemeinde.de\/KITA-Lukas\/index.htm\" target=\"_blank\" rel=\"noopener\">Lukas-Kindertagesst\u00e4tte<\/a><\/p>\t\t\t\t\t\t\t\t<\/div>\n\t\t\t\t<\/div>\n\t\t\t\t<div class=\"elementor-element elementor-element-3a8be26 elementor-widget elementor-widget-text-editor\" data-id=\"3a8be26\" data-element_type=\"widget\" data-e-type=\"widget\" data-widget_type=\"text-editor.default\">\n\t\t\t\t<div class=\"elementor-widget-container\">\n\t\t\t\t\t\t\t\t\t<p>F\u00fcr den Inhalt der angegeben Links ist allein der Herausgeber der entsprechenden Seiten verantwortlich.<\/p>\t\t\t\t\t\t\t\t<\/div>\n\t\t\t\t<\/div>\n\t\t\t\t\t<\/div>\n\t\t<\/div>\n\t\t\t\t\t<\/div>\n\t\t<\/section>\n\t\t\t\t<\/div>\n\t\t","protected":false},"excerpt":{"rendered":"<p>Oster-Kindertagesst\u00e4tte der Ev. Maria-Magdalena-GemeindeStresemannallee 71-7360596 Frankfurt am Main Leitung: Frau MartensStellvertretende Leitung: Frau Schwab Tel. (069) 637 274Fax. (069) 633 076 63 F\u00fcr ein pers\u00f6nliches Gespr\u00e4ch stehen wir gerne zur Verf\u00fcgung. Email an Kindertagesst\u00e4tte senden Links Unsere Gemeinde:Maria-Magdalena-GemeindeLukas-Kindertagesst\u00e4tte F\u00fcr den Inhalt der angegeben Links ist allein der Herausgeber der entsprechenden Seiten verantwortlich.<\/p>\n","protected":false},"author":2,"featured_media":0,"parent":0,"menu_order":0,"comment_status":"closed","ping_status":"closed","template":"","meta":{"footnotes":""},"class_list":["post-19","page","type-page","status-publish","hentry"],"_links":{"self":[{"href":"https:\/\/maria-magdalena-gemeinde.de\/KITA-Oster\/wp-json\/wp\/v2\/pages\/19","targetHints":{"allow":["GET"]}}],"collection":[{"href":"https:\/\/maria-magdalena-gemeinde.de\/KITA-Oster\/wp-json\/wp\/v2\/pages"}],"about":[{"href":"https:\/\/maria-magdalena-gemeinde.de\/KITA-Oster\/wp-json\/wp\/v2\/types\/page"}],"author":[{"embeddable":true,"href":"https:\/\/maria-magdalena-gemeinde.de\/KITA-Oster\/wp-json\/wp\/v2\/users\/2"}],"replies":[{"embeddable":true,"href":"https:\/\/maria-magdalena-gemeinde.de\/KITA-Oster\/wp-json\/wp\/v2\/comments?post=19"}],"version-history":[{"count":69,"href":"https:\/\/maria-magdalena-gemeinde.de\/KITA-Oster\/wp-json\/wp\/v2\/pages\/19\/revisions"}],"predecessor-version":[{"id":1989,"href":"https:\/\/maria-magdalena-gemeinde.de\/KITA-Oster\/wp-json\/wp\/v2\/pages\/19\/revisions\/1989"}],"wp:attachment":[{"href":"https:\/\/maria-magdalena-gemeinde.de\/KITA-Oster\/wp-json\/wp\/v2\/media?parent=19"}],"curies":[{"name":"wp","href":"https:\/\/api.w.org\/{rel}","templated":true}]}}